{"id":2056,"date":"2026-02-06T13:37:17","date_gmt":"2026-02-06T12:37:17","guid":{"rendered":"https:\/\/nowy.bmw-serwis.com.pl\/wordpress\/?page_id=2056"},"modified":"2026-02-09T09:08:48","modified_gmt":"2026-02-09T08:08:48","slug":"reduktory-xdrive","status":"publish","type":"page","link":"https:\/\/nowy.bmw-serwis.com.pl\/wordpress\/reduktory-xdrive\/","title":{"rendered":"Reduktory xDrive"},"content":{"rendered":"\n<figure class=\"wp-block-image alignright size-large is-resized\"><img decoding=\"async\" src=\"https:\/\/cutietransfer.ro\/wp-content\/uploads\/2015\/05\/3_bmw_xdrive_lant_metalic.jpg\" alt=\"3 Bmw Xdrive Lant Metalic\" style=\"width:390px;height:auto\" title=\"Reduktory xDrive\"><\/figure>\n\n\n\n<p>Zajmujemy si\u0119 profesjonaln\u0105 regeneracj\u0105 skrzy\u0144 rozdzielczych\/reduktor\u00f3w BMW xDrive.<br><br>Na naprawiony reduktor udzielamy 12 miesi\u0119cznej gwarancji bez limitu przebiegu.<br>Cena obowi\u0105zuje przy zwrocie uszkodzonego reduktora.<\/p>\n\n\n\n<p>Wa\u017cne \u2013 gwarancja 24 miesi\u0119cy udzielana jest w przypadku monta\u017cu reduktora w naszym warsztacie, po sprawdzeniu elektroniki pojazdu oraz za\u0142o\u017conych k\u00f3\u0142.<\/p>\n\n\n\n<p>Wa\u017cne \u2013 cena mo\u017ce by\u0107 ni\u017csza po weryfikacji stanu uszkodzonego reduktora.<br><\/p>\n\n\n\n<p><\/p>\n\n\n\n<p><\/p>\n\n\n\n<p>Do napraw i regeneracji u\u017cywamy tylko oryginalnych cz\u0119\u015bci z dystrybucji BorgWarner jedynego producenta i dostawcy rozdzielaczy nap\u0119d\u00f3w dla BMW.<br>Prosz\u0119 zwr\u00f3ci\u0107 uwag\u0119 \u2013 reduktor jest elementem wykonawczym do\u0142\u0105czaj\u0105cym nap\u0119d i usterka uk\u0142adu elektronicznego albo jego wadliwe dzia\u0142anie lub kodowanie powoduj\u0119 awari\u0119 mechaniki<br>Nie musisz si\u0119 niczym martwi\u0107 w przypadku powierzenia nam diagnozy twojego BMW, to my podejmiemy decyzj\u0119 co nale\u017cy wymieni\u0107 aby tw\u00f3j nap\u0119d nie szarpa\u0142.<br>Wystarczy uzgodni\u0107 termin wizyty, poczeka\u0107 3-4 godziny na miejscu i otrzyma\u0107 sprawny pojazd, oczekuj\u0105c u nas do dyspozycji jest mini Cafe club i sala TV \u2013 dla aktywnych rower elektryczny lub standardowy plus plan super wycieczek po okolicy.<br>W przypadku trudno\u015bci, na \u017cyczenie klienta zapewniamy zast\u0119pczy pojazd na czas naprawy BMW.<br>Jeste\u015bmy oficjalnym partnerem BMW AG Wszystkie naprawy umieszczamy w historii serwisowej BMW online.<\/p>\n\n\n\n<p>Zapraszamy:<\/p>\n","protected":false},"excerpt":{"rendered":"<p>Zajmujemy si\u0119 profesjonaln\u0105 regeneracj\u0105 skrzy\u0144 rozdzielczych\/reduktor\u00f3w BMW xDrive. Na naprawiony reduktor udzielamy 12 miesi\u0119cznej gwarancji bez limitu przebiegu.Cena obowi\u0105zuje przy zwrocie uszkodzonego reduktora. Wa\u017cne \u2013 gwarancja 24 miesi\u0119cy udzielana jest w przypadku monta\u017cu reduktora w naszym warsztacie, po sprawdzeniu elektroniki pojazdu oraz za\u0142o\u017conych k\u00f3\u0142. Wa\u017cne \u2013 cena mo\u017ce by\u0107 ni\u017csza po weryfikacji stanu uszkodzonego reduktora. [&hellip;]<\/p>\n","protected":false},"author":1,"featured_media":0,"parent":0,"menu_order":0,"comment_status":"closed","ping_status":"closed","template":"","meta":{"_uag_custom_page_level_css":"","site-sidebar-layout":"no-sidebar","site-content-layout":"","ast-site-content-layout":"normal-width-container","site-content-style":"default","site-sidebar-style":"default","ast-global-header-display":"","ast-banner-title-visibility":"disabled","ast-main-header-display":"","ast-hfb-above-header-display":"","ast-hfb-below-header-display":"","ast-hfb-mobile-header-display":"","site-post-title":"","ast-breadcrumbs-content":"","ast-featured-img":"","footer-sml-layout":"","ast-disable-related-posts":"","theme-transparent-header-meta":"default","adv-header-id-meta":"","stick-header-meta":"","header-above-stick-meta":"","header-main-stick-meta":"","header-below-stick-meta":"","astra-migrate-meta-layouts":"set","ast-page-background-enabled":"default","ast-page-background-meta":{"desktop":{"background-color":"var(--ast-global-color-4)","background-image":"","background-repeat":"repeat","background-position":"center center","background-size":"auto","background-attachment":"scroll","background-type":"","background-media":"","overlay-type":"","overlay-color":"","overlay-opacity":"","overlay-gradient":""},"tablet":{"background-color":"","background-image":"","background-repeat":"repeat","background-position":"center center","background-size":"auto","background-attachment":"scroll","background-type":"","background-media":"","overlay-type":"","overlay-color":"","overlay-opacity":"","overlay-gradient":""},"mobile":{"background-color":"","background-image":"","background-repeat":"repeat","background-position":"center center","background-size":"auto","background-attachment":"scroll","background-type":"","background-media":"","overlay-type":"","overlay-color":"","overlay-opacity":"","overlay-gradient":""}},"ast-content-background-meta":{"desktop":{"background-color":"var(--ast-global-color-5)","background-image":"","background-repeat":"repeat","background-position":"center center","background-size":"auto","background-attachment":"scroll","background-type":"","background-media":"","overlay-type":"","overlay-color":"","overlay-opacity":"","overlay-gradient":""},"tablet":{"background-color":"var(--ast-global-color-5)","background-image":"","background-repeat":"repeat","background-position":"center center","background-size":"auto","background-attachment":"scroll","background-type":"","background-media":"","overlay-type":"","overlay-color":"","overlay-opacity":"","overlay-gradient":""},"mobile":{"background-color":"var(--ast-global-color-5)","background-image":"","background-repeat":"repeat","background-position":"center center","background-size":"auto","background-attachment":"scroll","background-type":"","background-media":"","overlay-type":"","overlay-color":"","overlay-opacity":"","overlay-gradient":""}},"footnotes":""},"class_list":["post-2056","page","type-page","status-publish","hentry"],"uagb_featured_image_src":{"full":false,"thumbnail":false,"medium":false,"medium_large":false,"large":false,"1536x1536":false,"2048x2048":false,"al-sml":false},"uagb_author_info":{"display_name":"admin","author_link":"https:\/\/nowy.bmw-serwis.com.pl\/wordpress\/author\/admin\/"},"uagb_comment_info":0,"uagb_excerpt":"Zajmujemy si\u0119 profesjonaln\u0105 regeneracj\u0105 skrzy\u0144 rozdzielczych\/reduktor\u00f3w BMW xDrive. Na naprawiony reduktor udzielamy 12 miesi\u0119cznej gwarancji bez limitu przebiegu.Cena obowi\u0105zuje przy zwrocie uszkodzonego reduktora. Wa\u017cne \u2013 gwarancja 24 miesi\u0119cy udzielana jest w przypadku monta\u017cu reduktora w naszym warsztacie, po sprawdzeniu elektroniki pojazdu oraz za\u0142o\u017conych k\u00f3\u0142. Wa\u017cne \u2013 cena mo\u017ce by\u0107 ni\u017csza po weryfikacji stanu uszkodzonego reduktora.&hellip;","_links":{"self":[{"href":"https:\/\/nowy.bmw-serwis.com.pl\/wordpress\/wp-json\/wp\/v2\/pages\/2056","targetHints":{"allow":["GET"]}}],"collection":[{"href":"https:\/\/nowy.bmw-serwis.com.pl\/wordpress\/wp-json\/wp\/v2\/pages"}],"about":[{"href":"https:\/\/nowy.bmw-serwis.com.pl\/wordpress\/wp-json\/wp\/v2\/types\/page"}],"author":[{"embeddable":true,"href":"https:\/\/nowy.bmw-serwis.com.pl\/wordpress\/wp-json\/wp\/v2\/users\/1"}],"replies":[{"embeddable":true,"href":"https:\/\/nowy.bmw-serwis.com.pl\/wordpress\/wp-json\/wp\/v2\/comments?post=2056"}],"version-history":[{"count":3,"href":"https:\/\/nowy.bmw-serwis.com.pl\/wordpress\/wp-json\/wp\/v2\/pages\/2056\/revisions"}],"predecessor-version":[{"id":2059,"href":"https:\/\/nowy.bmw-serwis.com.pl\/wordpress\/wp-json\/wp\/v2\/pages\/2056\/revisions\/2059"}],"wp:attachment":[{"href":"https:\/\/nowy.bmw-serwis.com.pl\/wordpress\/wp-json\/wp\/v2\/media?parent=2056"}],"curies":[{"name":"wp","href":"https:\/\/api.w.org\/{rel}","templated":true}]}}